{"id":147,"date":"2016-09-21T16:44:31","date_gmt":"2016-09-21T16:44:31","guid":{"rendered":"http:\/\/drfantini.com.br\/?page_id=147"},"modified":"2018-05-10T13:46:24","modified_gmt":"2018-05-10T13:46:24","slug":"fotos","status":"publish","type":"page","link":"https:\/\/drfantini.com.br\/index.php\/fotos\/","title":{"rendered":"Fotos"},"content":{"rendered":"<p><div class=\"fusion-fullwidth fullwidth-box nonhundred-percent-fullwidth non-hundred-percent-height-scrolling\"  style='background-color: rgba(255,255,255,0);background-position: left top;background-repeat: no-repeat;padding-top:20px;padding-right:0px;padding-bottom:20px;padding-left:0px;border-top-width:0px;border-bottom-width:0px;border-color:#eae9e9;border-top-style:solid;border-bottom-style:solid;'><div class=\"fusion-builder-row fusion-row \"><div  class=\"fusion-layout-column fusion_builder_column fusion_builder_column_1_1  fusion-one-full fusion-column-first fusion-column-last fusion-column-no-min-height 1_1\"  style='margin-top:0px;margin-bottom:0px;'>\n\t\t\t\t\t<div class=\"fusion-column-wrapper\" style=\"background-position:left top;background-repeat:no-repeat;-webkit-background-size:cover;-moz-background-size:cover;-o-background-size:cover;background-size:cover;\"  data-bg-url=\"\">\n\t\t\t\t\t\t<div class=\"fusion-title title fusion-title-center fusion-title-size-one\" style=\"margin-top:0px;margin-bottom:31px;\"><div class=\"title-sep-container title-sep-container-left\"><div class=\"title-sep sep-double sep-solid\" style=\"border-color:#748fc4;\"><\/div><\/div><h1 class=\"title-heading-center\">Conhe\u00e7a as Nossas Instala\u00e7\u00f5es<\/h1><div class=\"title-sep-container title-sep-container-right\"><div class=\"title-sep sep-double sep-solid\" style=\"border-color:#748fc4;\"><\/div><\/div><\/div><div class=\"fusion-clearfix\"><\/div>\n\n\t\t\t\t\t<\/div>\n\t\t\t\t<\/div><\/div><\/div><div class=\"fusion-fullwidth fullwidth-box nonhundred-percent-fullwidth non-hundred-percent-height-scrolling\"  style='background-color: rgba(255,255,255,0);background-position: left top;background-repeat: no-repeat;padding-top:20px;padding-right:0px;padding-bottom:20px;padding-left:0px;border-top-width:0px;border-bottom-width:0px;border-color:#eae9e9;border-top-style:solid;border-bottom-style:solid;'><div class=\"fusion-builder-row fusion-row \"><div  class=\"fusion-layout-column fusion_builder_column fusion_builder_column_1_1  fusion-one-full fusion-column-first fusion-column-last fusion-column-no-min-height 1_1\"  style='margin-top:0px;margin-bottom:0px;'>\n\t\t\t\t\t<div class=\"fusion-column-wrapper\" style=\"background-position:left top;background-repeat:no-repeat;-webkit-background-size:cover;-moz-background-size:cover;-o-background-size:cover;background-size:cover;\"  data-bg-url=\"\">\n\t\t\t\t\t\t<div class=\"fusion-image-carousel fusion-image-carousel-auto lightbox-enabled fusion-carousel-border\"><div class=\"fusion-carousel\" data-autoplay=\"yes\" data-columns=\"5\" data-itemmargin=\"13\" data-itemwidth=\"180\" data-touchscroll=\"no\" data-imagesize=\"auto\"><div class=\"fusion-carousel-positioner\"><ul class=\"fusion-carousel-holder\"><li class=\"fusion-carousel-item\"><div class=\"fusion-carousel-item-wrapper\"><div class=\"fusion-image-wrapper hover-type-zoomin\"><a data-rel=\"iLightbox[gallery_image_1]\" data-title=\"295996_10150421624691796_1341514318_n\" aria-label=\"295996_10150421624691796_1341514318_n\" href=\"http:\/\/drfantini.com.br\/wp-content\/uploads\/2016\/09\/295996_10150421624691796_1341514318_n.jpg\" target=\"_self\"><img decoding=\"async\" width=\"960\" height=\"720\" src=\"https:\/\/drfantini.com.br\/wp-content\/uploads\/2016\/09\/295996_10150421624691796_1341514318_n.jpg\" class=\"attachment-full size-full\" alt=\"\" srcset=\"https:\/\/drfantini.com.br\/wp-content\/uploads\/2016\/09\/295996_10150421624691796_1341514318_n-200x150.jpg 200w, https:\/\/drfantini.com.br\/wp-content\/uploads\/2016\/09\/295996_10150421624691796_1341514318_n-300x225.jpg 300w, https:\/\/drfantini.com.br\/wp-content\/uploads\/2016\/09\/295996_10150421624691796_1341514318_n-400x300.jpg 400w, https:\/\/drfantini.com.br\/wp-content\/uploads\/2016\/09\/295996_10150421624691796_1341514318_n-600x450.jpg 600w, https:\/\/drfantini.com.br\/wp-content\/uploads\/2016\/09\/295996_10150421624691796_1341514318_n-768x576.jpg 768w, https:\/\/drfantini.com.br\/wp-content\/uploads\/2016\/09\/295996_10150421624691796_1341514318_n-800x600.jpg 800w, https:\/\/drfantini.com.br\/wp-content\/uploads\/2016\/09\/295996_10150421624691796_1341514318_n.jpg 960w\" sizes=\"(max-width: 960px) 100vw, 960px\" \/><\/a><\/div><\/div><\/li><li class=\"fusion-carousel-item\"><div class=\"fusion-carousel-item-wrapper\"><div class=\"fusion-image-wrapper hover-type-zoomin\"><a data-rel=\"iLightbox[gallery_image_1]\" data-title=\"296763_10150421627551796_1122587016_n\" aria-label=\"296763_10150421627551796_1122587016_n\" href=\"http:\/\/drfantini.com.br\/wp-content\/uploads\/2016\/09\/296763_10150421627551796_1122587016_n.jpg\" target=\"_self\"><img decoding=\"async\" width=\"960\" height=\"720\" src=\"https:\/\/drfantini.com.br\/wp-content\/uploads\/2016\/09\/296763_10150421627551796_1122587016_n.jpg\" class=\"attachment-full size-full\" alt=\"\" srcset=\"https:\/\/drfantini.com.br\/wp-content\/uploads\/2016\/09\/296763_10150421627551796_1122587016_n-200x150.jpg 200w, https:\/\/drfantini.com.br\/wp-content\/uploads\/2016\/09\/296763_10150421627551796_1122587016_n-300x225.jpg 300w, https:\/\/drfantini.com.br\/wp-content\/uploads\/2016\/09\/296763_10150421627551796_1122587016_n-400x300.jpg 400w, https:\/\/drfantini.com.br\/wp-content\/uploads\/2016\/09\/296763_10150421627551796_1122587016_n-600x450.jpg 600w, https:\/\/drfantini.com.br\/wp-content\/uploads\/2016\/09\/296763_10150421627551796_1122587016_n-768x576.jpg 768w, https:\/\/drfantini.com.br\/wp-content\/uploads\/2016\/09\/296763_10150421627551796_1122587016_n-800x600.jpg 800w, https:\/\/drfantini.com.br\/wp-content\/uploads\/2016\/09\/296763_10150421627551796_1122587016_n.jpg 960w\" sizes=\"(max-width: 960px) 100vw, 960px\" \/><\/a><\/div><\/div><\/li><li class=\"fusion-carousel-item\"><div class=\"fusion-carousel-item-wrapper\"><div class=\"fusion-image-wrapper hover-type-zoomin\"><a data-rel=\"iLightbox[gallery_image_1]\" data-title=\"298524_10150421624441796_589743052_n\" aria-label=\"298524_10150421624441796_589743052_n\" href=\"http:\/\/drfantini.com.br\/wp-content\/uploads\/2016\/09\/298524_10150421624441796_589743052_n.jpg\" target=\"_self\"><img decoding=\"async\" width=\"960\" height=\"720\" src=\"https:\/\/drfantini.com.br\/wp-content\/uploads\/2016\/09\/298524_10150421624441796_589743052_n.jpg\" class=\"attachment-full size-full\" alt=\"\" srcset=\"https:\/\/drfantini.com.br\/wp-content\/uploads\/2016\/09\/298524_10150421624441796_589743052_n-200x150.jpg 200w, https:\/\/drfantini.com.br\/wp-content\/uploads\/2016\/09\/298524_10150421624441796_589743052_n-300x225.jpg 300w, https:\/\/drfantini.com.br\/wp-content\/uploads\/2016\/09\/298524_10150421624441796_589743052_n-400x300.jpg 400w, https:\/\/drfantini.com.br\/wp-content\/uploads\/2016\/09\/298524_10150421624441796_589743052_n-600x450.jpg 600w, https:\/\/drfantini.com.br\/wp-content\/uploads\/2016\/09\/298524_10150421624441796_589743052_n-768x576.jpg 768w, https:\/\/drfantini.com.br\/wp-content\/uploads\/2016\/09\/298524_10150421624441796_589743052_n-800x600.jpg 800w, https:\/\/drfantini.com.br\/wp-content\/uploads\/2016\/09\/298524_10150421624441796_589743052_n.jpg 960w\" sizes=\"(max-width: 960px) 100vw, 960px\" \/><\/a><\/div><\/div><\/li><li class=\"fusion-carousel-item\"><div class=\"fusion-carousel-item-wrapper\"><div class=\"fusion-image-wrapper hover-type-zoomin\"><a data-rel=\"iLightbox[gallery_image_1]\" data-title=\"301324_10150421624886796_1027741942_n\" aria-label=\"301324_10150421624886796_1027741942_n\" href=\"http:\/\/drfantini.com.br\/wp-content\/uploads\/2016\/09\/301324_10150421624886796_1027741942_n.jpg\" target=\"_self\"><img decoding=\"async\" width=\"960\" height=\"720\" src=\"https:\/\/drfantini.com.br\/wp-content\/uploads\/2016\/09\/301324_10150421624886796_1027741942_n.jpg\" class=\"attachment-full size-full\" alt=\"\" srcset=\"https:\/\/drfantini.com.br\/wp-content\/uploads\/2016\/09\/301324_10150421624886796_1027741942_n-200x150.jpg 200w, https:\/\/drfantini.com.br\/wp-content\/uploads\/2016\/09\/301324_10150421624886796_1027741942_n-300x225.jpg 300w, https:\/\/drfantini.com.br\/wp-content\/uploads\/2016\/09\/301324_10150421624886796_1027741942_n-400x300.jpg 400w, https:\/\/drfantini.com.br\/wp-content\/uploads\/2016\/09\/301324_10150421624886796_1027741942_n-600x450.jpg 600w, https:\/\/drfantini.com.br\/wp-content\/uploads\/2016\/09\/301324_10150421624886796_1027741942_n-768x576.jpg 768w, https:\/\/drfantini.com.br\/wp-content\/uploads\/2016\/09\/301324_10150421624886796_1027741942_n-800x600.jpg 800w, https:\/\/drfantini.com.br\/wp-content\/uploads\/2016\/09\/301324_10150421624886796_1027741942_n.jpg 960w\" sizes=\"(max-width: 960px) 100vw, 960px\" \/><\/a><\/div><\/div><\/li><li class=\"fusion-carousel-item\"><div class=\"fusion-carousel-item-wrapper\"><div class=\"fusion-image-wrapper hover-type-zoomin\"><a data-rel=\"iLightbox[gallery_image_1]\" data-title=\"304286_10150421626186796_1853535447_n\" aria-label=\"304286_10150421626186796_1853535447_n\" href=\"http:\/\/drfantini.com.br\/wp-content\/uploads\/2016\/09\/304286_10150421626186796_1853535447_n.jpg\" target=\"_self\"><img decoding=\"async\" width=\"960\" height=\"720\" src=\"https:\/\/drfantini.com.br\/wp-content\/uploads\/2016\/09\/304286_10150421626186796_1853535447_n.jpg\" class=\"attachment-full size-full\" alt=\"\" srcset=\"https:\/\/drfantini.com.br\/wp-content\/uploads\/2016\/09\/304286_10150421626186796_1853535447_n-200x150.jpg 200w, https:\/\/drfantini.com.br\/wp-content\/uploads\/2016\/09\/304286_10150421626186796_1853535447_n-300x225.jpg 300w, https:\/\/drfantini.com.br\/wp-content\/uploads\/2016\/09\/304286_10150421626186796_1853535447_n-400x300.jpg 400w, https:\/\/drfantini.com.br\/wp-content\/uploads\/2016\/09\/304286_10150421626186796_1853535447_n-600x450.jpg 600w, https:\/\/drfantini.com.br\/wp-content\/uploads\/2016\/09\/304286_10150421626186796_1853535447_n-768x576.jpg 768w, https:\/\/drfantini.com.br\/wp-content\/uploads\/2016\/09\/304286_10150421626186796_1853535447_n-800x600.jpg 800w, https:\/\/drfantini.com.br\/wp-content\/uploads\/2016\/09\/304286_10150421626186796_1853535447_n.jpg 960w\" sizes=\"(max-width: 960px) 100vw, 960px\" \/><\/a><\/div><\/div><\/li><li class=\"fusion-carousel-item\"><div class=\"fusion-carousel-item-wrapper\"><div class=\"fusion-image-wrapper hover-type-zoomin\"><a data-rel=\"iLightbox[gallery_image_1]\" data-title=\"311445_10150421625401796_351934505_n\" aria-label=\"311445_10150421625401796_351934505_n\" href=\"http:\/\/drfantini.com.br\/wp-content\/uploads\/2016\/09\/311445_10150421625401796_351934505_n.jpg\" target=\"_self\"><img decoding=\"async\" width=\"960\" height=\"720\" src=\"https:\/\/drfantini.com.br\/wp-content\/uploads\/2016\/09\/311445_10150421625401796_351934505_n.jpg\" class=\"attachment-full size-full\" alt=\"\" srcset=\"https:\/\/drfantini.com.br\/wp-content\/uploads\/2016\/09\/311445_10150421625401796_351934505_n-200x150.jpg 200w, https:\/\/drfantini.com.br\/wp-content\/uploads\/2016\/09\/311445_10150421625401796_351934505_n-300x225.jpg 300w, https:\/\/drfantini.com.br\/wp-content\/uploads\/2016\/09\/311445_10150421625401796_351934505_n-400x300.jpg 400w, https:\/\/drfantini.com.br\/wp-content\/uploads\/2016\/09\/311445_10150421625401796_351934505_n-600x450.jpg 600w, https:\/\/drfantini.com.br\/wp-content\/uploads\/2016\/09\/311445_10150421625401796_351934505_n-768x576.jpg 768w, https:\/\/drfantini.com.br\/wp-content\/uploads\/2016\/09\/311445_10150421625401796_351934505_n-800x600.jpg 800w, https:\/\/drfantini.com.br\/wp-content\/uploads\/2016\/09\/311445_10150421625401796_351934505_n.jpg 960w\" sizes=\"(max-width: 960px) 100vw, 960px\" \/><\/a><\/div><\/div><\/li><li class=\"fusion-carousel-item\"><div class=\"fusion-carousel-item-wrapper\"><div class=\"fusion-image-wrapper hover-type-zoomin\"><a data-rel=\"iLightbox[gallery_image_1]\" data-title=\"313194_10150421625611796_2012818540_n\" aria-label=\"313194_10150421625611796_2012818540_n\" href=\"http:\/\/drfantini.com.br\/wp-content\/uploads\/2016\/09\/313194_10150421625611796_2012818540_n.jpg\" target=\"_self\"><img decoding=\"async\" width=\"960\" height=\"720\" src=\"https:\/\/drfantini.com.br\/wp-content\/uploads\/2016\/09\/313194_10150421625611796_2012818540_n.jpg\" class=\"attachment-full size-full\" alt=\"\" srcset=\"https:\/\/drfantini.com.br\/wp-content\/uploads\/2016\/09\/313194_10150421625611796_2012818540_n-200x150.jpg 200w, https:\/\/drfantini.com.br\/wp-content\/uploads\/2016\/09\/313194_10150421625611796_2012818540_n-300x225.jpg 300w, https:\/\/drfantini.com.br\/wp-content\/uploads\/2016\/09\/313194_10150421625611796_2012818540_n-400x300.jpg 400w, https:\/\/drfantini.com.br\/wp-content\/uploads\/2016\/09\/313194_10150421625611796_2012818540_n-600x450.jpg 600w, https:\/\/drfantini.com.br\/wp-content\/uploads\/2016\/09\/313194_10150421625611796_2012818540_n-768x576.jpg 768w, https:\/\/drfantini.com.br\/wp-content\/uploads\/2016\/09\/313194_10150421625611796_2012818540_n-800x600.jpg 800w, https:\/\/drfantini.com.br\/wp-content\/uploads\/2016\/09\/313194_10150421625611796_2012818540_n.jpg 960w\" sizes=\"(max-width: 960px) 100vw, 960px\" \/><\/a><\/div><\/div><\/li><li class=\"fusion-carousel-item\"><div class=\"fusion-carousel-item-wrapper\"><div class=\"fusion-image-wrapper hover-type-zoomin\"><a data-rel=\"iLightbox[gallery_image_1]\" data-title=\"315738_10150421626336796_487653015_n\" aria-label=\"315738_10150421626336796_487653015_n\" href=\"http:\/\/drfantini.com.br\/wp-content\/uploads\/2016\/09\/315738_10150421626336796_487653015_n.jpg\" target=\"_self\"><img decoding=\"async\" width=\"960\" height=\"720\" src=\"https:\/\/drfantini.com.br\/wp-content\/uploads\/2016\/09\/315738_10150421626336796_487653015_n.jpg\" class=\"attachment-full size-full\" alt=\"\" srcset=\"https:\/\/drfantini.com.br\/wp-content\/uploads\/2016\/09\/315738_10150421626336796_487653015_n-200x150.jpg 200w, https:\/\/drfantini.com.br\/wp-content\/uploads\/2016\/09\/315738_10150421626336796_487653015_n-300x225.jpg 300w, https:\/\/drfantini.com.br\/wp-content\/uploads\/2016\/09\/315738_10150421626336796_487653015_n-400x300.jpg 400w, https:\/\/drfantini.com.br\/wp-content\/uploads\/2016\/09\/315738_10150421626336796_487653015_n-600x450.jpg 600w, https:\/\/drfantini.com.br\/wp-content\/uploads\/2016\/09\/315738_10150421626336796_487653015_n-768x576.jpg 768w, https:\/\/drfantini.com.br\/wp-content\/uploads\/2016\/09\/315738_10150421626336796_487653015_n-800x600.jpg 800w, https:\/\/drfantini.com.br\/wp-content\/uploads\/2016\/09\/315738_10150421626336796_487653015_n.jpg 960w\" sizes=\"(max-width: 960px) 100vw, 960px\" \/><\/a><\/div><\/div><\/li><li class=\"fusion-carousel-item\"><div class=\"fusion-carousel-item-wrapper\"><div class=\"fusion-image-wrapper hover-type-zoomin\"><a data-rel=\"iLightbox[gallery_image_1]\" data-title=\"319147_10150421626456796_2126718310_n\" aria-label=\"319147_10150421626456796_2126718310_n\" href=\"http:\/\/drfantini.com.br\/wp-content\/uploads\/2016\/09\/319147_10150421626456796_2126718310_n.jpg\" target=\"_self\"><img decoding=\"async\" width=\"960\" height=\"720\" src=\"https:\/\/drfantini.com.br\/wp-content\/uploads\/2016\/09\/319147_10150421626456796_2126718310_n.jpg\" class=\"attachment-full size-full\" alt=\"\" srcset=\"https:\/\/drfantini.com.br\/wp-content\/uploads\/2016\/09\/319147_10150421626456796_2126718310_n-200x150.jpg 200w, https:\/\/drfantini.com.br\/wp-content\/uploads\/2016\/09\/319147_10150421626456796_2126718310_n-300x225.jpg 300w, https:\/\/drfantini.com.br\/wp-content\/uploads\/2016\/09\/319147_10150421626456796_2126718310_n-400x300.jpg 400w, https:\/\/drfantini.com.br\/wp-content\/uploads\/2016\/09\/319147_10150421626456796_2126718310_n-600x450.jpg 600w, https:\/\/drfantini.com.br\/wp-content\/uploads\/2016\/09\/319147_10150421626456796_2126718310_n-768x576.jpg 768w, https:\/\/drfantini.com.br\/wp-content\/uploads\/2016\/09\/319147_10150421626456796_2126718310_n-800x600.jpg 800w, https:\/\/drfantini.com.br\/wp-content\/uploads\/2016\/09\/319147_10150421626456796_2126718310_n.jpg 960w\" sizes=\"(max-width: 960px) 100vw, 960px\" \/><\/a><\/div><\/div><\/li><li class=\"fusion-carousel-item\"><div class=\"fusion-carousel-item-wrapper\"><div class=\"fusion-image-wrapper hover-type-zoomin\"><a data-rel=\"iLightbox[gallery_image_1]\" data-title=\"313635_10150421627836796_2073322971_n\" aria-label=\"313635_10150421627836796_2073322971_n\" href=\"http:\/\/drfantini.com.br\/wp-content\/uploads\/2016\/09\/313635_10150421627836796_2073322971_n.jpg\" target=\"_self\"><img decoding=\"async\" width=\"960\" height=\"720\" src=\"https:\/\/drfantini.com.br\/wp-content\/uploads\/2016\/09\/313635_10150421627836796_2073322971_n.jpg\" class=\"attachment-full size-full\" alt=\"\" srcset=\"https:\/\/drfantini.com.br\/wp-content\/uploads\/2016\/09\/313635_10150421627836796_2073322971_n-200x150.jpg 200w, https:\/\/drfantini.com.br\/wp-content\/uploads\/2016\/09\/313635_10150421627836796_2073322971_n-300x225.jpg 300w, https:\/\/drfantini.com.br\/wp-content\/uploads\/2016\/09\/313635_10150421627836796_2073322971_n-400x300.jpg 400w, https:\/\/drfantini.com.br\/wp-content\/uploads\/2016\/09\/313635_10150421627836796_2073322971_n-600x450.jpg 600w, https:\/\/drfantini.com.br\/wp-content\/uploads\/2016\/09\/313635_10150421627836796_2073322971_n-768x576.jpg 768w, https:\/\/drfantini.com.br\/wp-content\/uploads\/2016\/09\/313635_10150421627836796_2073322971_n-800x600.jpg 800w, https:\/\/drfantini.com.br\/wp-content\/uploads\/2016\/09\/313635_10150421627836796_2073322971_n.jpg 960w\" sizes=\"(max-width: 960px) 100vw, 960px\" \/><\/a><\/div><\/div><\/li><\/ul><div class=\"fusion-carousel-nav\"><span class=\"fusion-nav-prev\"><\/span><span class=\"fusion-nav-next\"><\/span><\/div><\/div><\/div><\/div><div class=\"fusion-clearfix\"><\/div>\n\n\t\t\t\t\t<\/div>\n\t\t\t\t<\/div><\/div><\/div><\/p>\n","protected":false},"excerpt":{"rendered":"","protected":false},"author":1,"featured_media":0,"parent":0,"menu_order":0,"comment_status":"closed","ping_status":"closed","template":"","meta":{"_joinchat":[],"footnotes":""},"class_list":["post-147","page","type-page","status-publish","hentry"],"yoast_head":"<!-- This site is optimized with the Yoast SEO plugin v22.7 - https:\/\/yoast.com\/wordpress\/plugins\/seo\/ -->\n<title>Fotos - Dr. Fantini<\/title>\n<meta name=\"robots\" content=\"index, follow, max-snippet:-1, max-image-preview:large, max-video-preview:-1\" \/>\n<link rel=\"canonical\" href=\"https:\/\/drfantini.com.br\/index.php\/fotos\/\" \/>\n<meta property=\"og:locale\" content=\"pt_BR\" \/>\n<meta property=\"og:type\" content=\"article\" \/>\n<meta property=\"og:title\" content=\"Fotos - Dr. Fantini\" \/>\n<meta property=\"og:url\" content=\"https:\/\/drfantini.com.br\/index.php\/fotos\/\" \/>\n<meta property=\"og:site_name\" content=\"Dr. Fantini\" \/>\n<meta property=\"article:modified_time\" content=\"2018-05-10T13:46:24+00:00\" \/>\n<meta name=\"twitter:card\" content=\"summary_large_image\" \/>\n<meta name=\"twitter:label1\" content=\"Est. tempo de leitura\" \/>\n\t<meta name=\"twitter:data1\" content=\"2 minutos\" \/>\n<script type=\"application\/ld+json\" class=\"yoast-schema-graph\">{\"@context\":\"https:\/\/schema.org\",\"@graph\":[{\"@type\":\"WebPage\",\"@id\":\"https:\/\/drfantini.com.br\/index.php\/fotos\/\",\"url\":\"https:\/\/drfantini.com.br\/index.php\/fotos\/\",\"name\":\"Fotos - Dr. Fantini\",\"isPartOf\":{\"@id\":\"https:\/\/drfantini.com.br\/#website\"},\"datePublished\":\"2016-09-21T16:44:31+00:00\",\"dateModified\":\"2018-05-10T13:46:24+00:00\",\"breadcrumb\":{\"@id\":\"https:\/\/drfantini.com.br\/index.php\/fotos\/#breadcrumb\"},\"inLanguage\":\"pt-BR\",\"potentialAction\":[{\"@type\":\"ReadAction\",\"target\":[\"https:\/\/drfantini.com.br\/index.php\/fotos\/\"]}]},{\"@type\":\"BreadcrumbList\",\"@id\":\"https:\/\/drfantini.com.br\/index.php\/fotos\/#breadcrumb\",\"itemListElement\":[{\"@type\":\"ListItem\",\"position\":1,\"name\":\"In\u00edcio\",\"item\":\"https:\/\/drfantini.com.br\/\"},{\"@type\":\"ListItem\",\"position\":2,\"name\":\"Fotos\"}]},{\"@type\":\"WebSite\",\"@id\":\"https:\/\/drfantini.com.br\/#website\",\"url\":\"https:\/\/drfantini.com.br\/\",\"name\":\"Dr. Fantini\",\"description\":\"Ortodontia e Est\u00e9tica facial!\",\"potentialAction\":[{\"@type\":\"SearchAction\",\"target\":{\"@type\":\"EntryPoint\",\"urlTemplate\":\"https:\/\/drfantini.com.br\/?s={search_term_string}\"},\"query-input\":\"required name=search_term_string\"}],\"inLanguage\":\"pt-BR\"}]}<\/script>\n<!-- \/ Yoast SEO plugin. -->","yoast_head_json":{"title":"Fotos - Dr. Fantini","robots":{"index":"index","follow":"follow","max-snippet":"max-snippet:-1","max-image-preview":"max-image-preview:large","max-video-preview":"max-video-preview:-1"},"canonical":"https:\/\/drfantini.com.br\/index.php\/fotos\/","og_locale":"pt_BR","og_type":"article","og_title":"Fotos - Dr. Fantini","og_url":"https:\/\/drfantini.com.br\/index.php\/fotos\/","og_site_name":"Dr. Fantini","article_modified_time":"2018-05-10T13:46:24+00:00","twitter_card":"summary_large_image","twitter_misc":{"Est. tempo de leitura":"2 minutos"},"schema":{"@context":"https:\/\/schema.org","@graph":[{"@type":"WebPage","@id":"https:\/\/drfantini.com.br\/index.php\/fotos\/","url":"https:\/\/drfantini.com.br\/index.php\/fotos\/","name":"Fotos - Dr. Fantini","isPartOf":{"@id":"https:\/\/drfantini.com.br\/#website"},"datePublished":"2016-09-21T16:44:31+00:00","dateModified":"2018-05-10T13:46:24+00:00","breadcrumb":{"@id":"https:\/\/drfantini.com.br\/index.php\/fotos\/#breadcrumb"},"inLanguage":"pt-BR","potentialAction":[{"@type":"ReadAction","target":["https:\/\/drfantini.com.br\/index.php\/fotos\/"]}]},{"@type":"BreadcrumbList","@id":"https:\/\/drfantini.com.br\/index.php\/fotos\/#breadcrumb","itemListElement":[{"@type":"ListItem","position":1,"name":"In\u00edcio","item":"https:\/\/drfantini.com.br\/"},{"@type":"ListItem","position":2,"name":"Fotos"}]},{"@type":"WebSite","@id":"https:\/\/drfantini.com.br\/#website","url":"https:\/\/drfantini.com.br\/","name":"Dr. Fantini","description":"Ortodontia e Est\u00e9tica facial!","potentialAction":[{"@type":"SearchAction","target":{"@type":"EntryPoint","urlTemplate":"https:\/\/drfantini.com.br\/?s={search_term_string}"},"query-input":"required name=search_term_string"}],"inLanguage":"pt-BR"}]}},"_links":{"self":[{"href":"https:\/\/drfantini.com.br\/index.php\/wp-json\/wp\/v2\/pages\/147","targetHints":{"allow":["GET"]}}],"collection":[{"href":"https:\/\/drfantini.com.br\/index.php\/wp-json\/wp\/v2\/pages"}],"about":[{"href":"https:\/\/drfantini.com.br\/index.php\/wp-json\/wp\/v2\/types\/page"}],"author":[{"embeddable":true,"href":"https:\/\/drfantini.com.br\/index.php\/wp-json\/wp\/v2\/users\/1"}],"replies":[{"embeddable":true,"href":"https:\/\/drfantini.com.br\/index.php\/wp-json\/wp\/v2\/comments?post=147"}],"version-history":[{"count":0,"href":"https:\/\/drfantini.com.br\/index.php\/wp-json\/wp\/v2\/pages\/147\/revisions"}],"wp:attachment":[{"href":"https:\/\/drfantini.com.br\/index.php\/wp-json\/wp\/v2\/media?parent=147"}],"curies":[{"name":"wp","href":"https:\/\/api.w.org\/{rel}","templated":true}]}}