{"id":64,"date":"2016-08-04T16:22:46","date_gmt":"2016-08-04T16:22:46","guid":{"rendered":"http:\/\/drfantini.com.br\/?page_id=64"},"modified":"2018-05-10T13:46:25","modified_gmt":"2018-05-10T13:46:25","slug":"tratamentos","status":"publish","type":"page","link":"https:\/\/drfantini.com.br\/index.php\/tratamentos\/","title":{"rendered":"Tratamentos"},"content":{"rendered":"<div class=\"fusion-fullwidth fullwidth-box hundred-percent-fullwidth non-hundred-percent-height-scrolling\"  style='background-color: rgba(255,255,255,0);background-position: center center;background-repeat: no-repeat;padding-top:0px;padding-right:0px;padding-bottom:0px;padding-left:0px;'><div class=\"fusion-builder-row fusion-row \"><div  class=\"fusion-layout-column fusion_builder_column fusion_builder_column_2_5  fusion-two-fifth fusion-column-first 2_5\"  style='margin-top:0px;margin-bottom:20px;width:37.6%; margin-right: 4%;'>\n\t\t\t\t\t<div class=\"fusion-column-wrapper\" style=\"background-position:left top;background-repeat:no-repeat;-webkit-background-size:cover;-moz-background-size:cover;-o-background-size:cover;background-size:cover;\"  data-bg-url=\"\">\n\t\t\t\t\t\t<div class=\"fusion-slider-sc flexslider flexslider-hover-type-none\" style=\"max-width:100%;height:100%;\"><ul class=\"slides\"><li class=\"image\"><span class=\"hover-type-none\"><img decoding=\"async\" role=\"presentation\" src=\"http:\/\/drfantini.com.br\/wp-content\/uploads\/2016\/08\/slider4-1.jpg\" \/><\/span><\/li><li class=\"image\"><span class=\"hover-type-none\"><img decoding=\"async\" role=\"presentation\" src=\"http:\/\/drfantini.com.br\/wp-content\/uploads\/2016\/08\/slides-1.jpg\" \/><\/span><\/li><li class=\"image\"><span class=\"hover-type-none\"><img decoding=\"async\" role=\"presentation\" src=\"http:\/\/drfantini.com.br\/wp-content\/uploads\/2016\/08\/slides-2.jpg\" \/><\/span><\/li><li class=\"image\"><span class=\"hover-type-none\"><img decoding=\"async\" role=\"presentation\" src=\"http:\/\/drfantini.com.br\/wp-content\/uploads\/2016\/08\/slides-3.jpg\" \/><\/span><\/li><li class=\"image\"><span class=\"hover-type-none\"><img decoding=\"async\" role=\"presentation\" src=\"http:\/\/drfantini.com.br\/wp-content\/uploads\/2016\/08\/slides-4.jpg\" \/><\/span><\/li><\/ul><\/div><div class=\"fusion-sep-clear\"><\/div><div class=\"fusion-separator fusion-full-width-sep sep-none\" style=\"margin-left: auto;margin-right: auto;margin-top:-20px;\"><\/div><div class=\"fusion-clearfix\"><\/div>\n\n\t\t\t\t\t<\/div>\n\t\t\t\t<\/div><div  class=\"fusion-layout-column fusion_builder_column fusion_builder_column_3_5  fusion-three-fifth fusion-column-last 3_5\"  style='margin-top:0px;margin-bottom:20px;width:58.4%'>\n\t\t\t\t\t<div class=\"fusion-column-wrapper\" style=\"background-position:left top;background-repeat:no-repeat;-webkit-background-size:cover;-moz-background-size:cover;-o-background-size:cover;background-size:cover;\"  data-bg-url=\"\">\n\t\t\t\t\t\t<div class=\"fusion-title title fusion-title-size-two\" style=\"margin-top:0px;margin-bottom:31px;\"><h2 class=\"title-heading-left\"><strong>Sobre a Nossa Miss\u00e3o<\/strong><\/h2><div class=\"title-sep-container\"><div class=\"title-sep sep-double\" style=\"border-color:#748fc4;\"><\/div><\/div><\/div><div class=\"fusion-text\"><p style=\"text-align: justify;\">\u00a0Nossa miss\u00e3o \u00e9 buscar o sorriso perfeito para cada um de nossos pacientes, individualizando o tratamento ortod\u00f4ntico, caso a caso, para melhorar a est\u00e9tica do sorriso e fun\u00e7\u00e3o mastigat\u00f3ria.<\/p>\n<div style=\"text-align: left;\">\n<p style=\"text-align: justify;\">Para isso disponibilizamos os melhores materiais, t\u00e9cnicas e equipamentos de ponta, aparelhos ortod\u00f4nticos modernos que reduzem o tempo de tratamento sem prejudicar o periodonto ( raiz dent\u00e1ria, gengiva, osso alveolar&#8230;). e uma equipe de profissionais qualificada, atualizada e preocupada com sua sa\u00fade e bem estar.<\/p>\n<p style=\"text-align: justify;\">Trabalhando com afinco desde 1998 j\u00e1 somam-se anos de experi\u00eancia, estudos e dedica\u00e7\u00e3o em ortodontia e ortopedia funcional dos maxilares, procurando cada vez mais atingir o equil\u00edbrio entre est\u00e9tica &#8211; fun\u00e7\u00e3o para alcan\u00e7ar\u00a0 a perfei\u00e7\u00e3o.<\/p>\n<p style=\"text-align: justify;\">Neste per\u00edodo j\u00e1 atendemos mais de 3 mil pacientes que tiveram seus sorrisos renovados, aumentando a autoestima e confian\u00e7a.<\/p>\n<\/div>\n<\/div><div class=\"fusion-sep-clear\"><\/div><div class=\"fusion-separator fusion-full-width-sep sep-none\" style=\"margin-left: auto;margin-right: auto;margin-top:-30px;\"><\/div><div class=\"fusion-clearfix\"><\/div>\n\n\t\t\t\t\t<\/div>\n\t\t\t\t<\/div><div  class=\"fusion-layout-column fusion_builder_column fusion_builder_column_1_1  fusion-one-full fusion-column-first fusion-column-last fusion-column-no-min-height 1_1\"  style='margin-top:0px;margin-bottom:0px;'>\n\t\t\t\t\t<div class=\"fusion-column-wrapper\" style=\"background-position:left top;background-repeat:no-repeat;-webkit-background-size:cover;-moz-background-size:cover;-o-background-size:cover;background-size:cover;\"  data-bg-url=\"\">\n\t\t\t\t\t\t<div class=\"fusion-sep-clear\"><\/div><div class=\"fusion-separator fusion-full-width-sep sep-none\" style=\"margin-left: auto;margin-right: auto;margin-top:30px;\"><\/div><div class=\"fusion-clearfix\"><\/div>\n\n\t\t\t\t\t<\/div>\n\t\t\t\t<\/div><div  class=\"fusion-layout-column fusion_builder_column fusion_builder_column_1_1  fusion-one-full fusion-column-first fusion-column-last fusion-column-no-min-height 1_1\"  style='margin-top:0px;margin-bottom:0px;'>\n\t\t\t\t\t<div class=\"fusion-column-wrapper\" style=\"background-position:left top;background-repeat:no-repeat;-webkit-background-size:cover;-moz-background-size:cover;-o-background-size:cover;background-size:cover;\"  data-bg-url=\"\">\n\t\t\t\t\t\t<div class=\"fusion-title title fusion-title-size-two\" style=\"margin-top:0px;margin-bottom:31px;\"><h2 class=\"title-heading-left\"><strong>Nossos Tratamentos<\/strong><\/h2><div class=\"title-sep-container\"><div class=\"title-sep sep-double\" style=\"border-color:#748fc4;\"><\/div><\/div><\/div><div class=\"fusion-clearfix\"><\/div>\n\n\t\t\t\t\t<\/div>\n\t\t\t\t<\/div><div  class=\"fusion-layout-column fusion_builder_column fusion_builder_column_1_4  fusion-one-fourth fusion-column-first 1_4\"  style='margin-top:0px;margin-bottom:20px;width:22%; margin-right: 4%;'>\n\t\t\t\t\t<div class=\"fusion-column-wrapper\" style=\"background-position:left top;background-repeat:no-repeat;-webkit-background-size:cover;-moz-background-size:cover;-o-background-size:cover;background-size:cover;\"  data-bg-url=\"\">\n\t\t\t\t\t\t<div class=\"fusion-text\"><div style=\"text-align: justify;\">A <span style=\"color: #748fc4;\"><strong>Dr. Fantini<\/strong><\/span> oferece o que h\u00e1 de <strong><span style=\"color: #748fc4;\">melhor em tratamento ORTOD\u00d4NTICO, EST\u00c9TICA, ORTOPEDIA FACIAL<\/span><\/strong> ,\u00a0 <span style=\"color: #748fc4;\"><strong>RESTAURA\u00c7\u00c3O ORAL TOTAL<\/strong><\/span>, pois conta com uma equipe altamente qualificada e dedica a sua sa\u00fade bucal e bem estar, fazendo do seu seu tratamento <span style=\"color: #748fc4;\"><strong>\u00daNICO e EXCLUSIVO,<\/strong><\/span> garantindo assim a sua <strong><span style=\"color: #748fc4;\">total satisfa\u00e7\u00e3o no resultado final <\/span><\/strong>que voc\u00ea sempre sonhou.<\/div>\n<p>&nbsp;<\/p>\n<\/div><div class=\"fusion-clearfix\"><\/div>\n\n\t\t\t\t\t<\/div>\n\t\t\t\t<\/div><div  class=\"fusion-layout-column fusion_builder_column fusion_builder_column_3_4  fusion-three-fourth fusion-column-last 3_4\"  style='margin-top:0px;margin-bottom:20px;width:74%'>\n\t\t\t\t\t<div class=\"fusion-column-wrapper\" style=\"background-position:left top;background-repeat:no-repeat;-webkit-background-size:cover;-moz-background-size:cover;-o-background-size:cover;background-size:cover;\"  data-bg-url=\"\">\n\t\t\t\t\t\t<div class=\"fusion-tabs fusion-tabs-1 classic nav-not-justified horizontal-tabs icon-position-left\"><style type=\"text\/css\">.fusion-tabs.fusion-tabs-1 .nav-tabs li a{border-top-color:#fafcfe;background-color:#fafcfe;}.fusion-tabs.fusion-tabs-1 .nav-tabs{background-color:#ffffff;}.fusion-tabs.fusion-tabs-1 .nav-tabs li.active a,.fusion-tabs.fusion-tabs-1 .nav-tabs li.active a:hover,.fusion-tabs.fusion-tabs-1 .nav-tabs li.active a:focus{border-right-color:#ffffff;}.fusion-tabs.fusion-tabs-1 .nav-tabs li.active a,.fusion-tabs.fusion-tabs-1 .nav-tabs li.active a:hover,.fusion-tabs.fusion-tabs-1 .nav-tabs li.active a:focus{background-color:#ffffff;}.fusion-tabs.fusion-tabs-1 .nav-tabs li a:hover{background-color:#ffffff;border-top-color:#ffffff;}.fusion-tabs.fusion-tabs-1 .tab-pane{background-color:#ffffff;}.fusion-tabs.fusion-tabs-1 .nav,.fusion-tabs.fusion-tabs-1 .nav-tabs,.fusion-tabs.fusion-tabs-1 .tab-content .tab-pane{border-color:#eff3f9;}<\/style><div class=\"nav\"><ul class=\"nav-tabs\"><li class=\"active\"><a class=\"tab-link\" data-toggle=\"tab\" id=\"fusion-tab-ortopediafacial\" href=\"#tab-0e76cbec4281d26f285\"><h4 class=\"fusion-tab-heading\">Ortopedia Facial<\/h4><\/a><\/li><li><a class=\"tab-link\" data-toggle=\"tab\" id=\"fusion-tab-clareamento\" href=\"#tab-c26ccbc47a61841a857\"><h4 class=\"fusion-tab-heading\">Clareamento<\/h4><\/a><\/li><li><a class=\"tab-link\" data-toggle=\"tab\" id=\"fusion-tab-facetas\" href=\"#tab-1a484be1abd886dc1b9\"><h4 class=\"fusion-tab-heading\">Facetas<\/h4><\/a><\/li><li><a class=\"tab-link\" data-toggle=\"tab\" id=\"fusion-tab-aparelhosortod\u00f4nticos\" href=\"#tab-21ece656b8c12784fe4\"><h4 class=\"fusion-tab-heading\">Aparelhos Ortod\u00f4nticos<\/h4><\/a><\/li><\/ul><\/div><div class=\"tab-content\"><div class=\"nav fusion-mobile-tab-nav\"><ul class=\"nav-tabs\"><li class=\"active\"><a class=\"tab-link\" data-toggle=\"tab\" id=\"mobile-fusion-tab-ortopediafacial\" href=\"#tab-0e76cbec4281d26f285\"><h4 class=\"fusion-tab-heading\">Ortopedia Facial<\/h4><\/a><\/li><\/ul><\/div><div class=\"tab-pane fade fusion-clearfix in active\" id=\"tab-0e76cbec4281d26f285\">\n<p style=\"text-align: justify;\"><i class=\"fontawesome-icon  fa fa-random circle-yes\" style=\"border-color:#56585a;background-color:#56585a;font-size:35.2px;line-height:70.4px;height:70.4px;width:70.4px;margin-right:20px;color:#ffffff;\"><\/i> Crian\u00e7as tamb\u00e9m devem usar aparelhos, mesmo antes de trocar os dentes\u2014 Muitos casos de m\u00e1-oclus\u00e3o dent\u00e1ria (mordida errada) acontecem devido a m\u00e1 forma\u00e7\u00e3o \u00f3ssea das arcadas dent\u00e1rias, que por fatores gen\u00e9ticos ou extr\u00ednsecos crescem de maneira incorreta prejudicando a est\u00e9tica e a fun\u00e7\u00e3o, consequentemente a autoestima e a sa\u00fade. Com o diagn\u00f3stico correto e precoce, conseguiremos resolver esses problemas com maior facilidade, trazendo benef\u00edcios para o desenvolvimento correto e sadio das crian\u00e7as.<\/p>\n<\/div><div class=\"nav fusion-mobile-tab-nav\"><ul class=\"nav-tabs\"><li><a class=\"tab-link\" data-toggle=\"tab\" id=\"mobile-fusion-tab-clareamento\" href=\"#tab-c26ccbc47a61841a857\"><h4 class=\"fusion-tab-heading\">Clareamento<\/h4><\/a><\/li><\/ul><\/div><div class=\"tab-pane fade fusion-clearfix\" id=\"tab-c26ccbc47a61841a857\">\n<p style=\"text-align: justify;\"><i class=\"fontawesome-icon  fa fa-random circle-yes\" style=\"border-color:#56585a;background-color:#56585a;font-size:35.2px;line-height:70.4px;height:70.4px;width:70.4px;margin-right:20px;color:#ffffff;\"><\/i> <strong>Com Moldeira<\/strong>\u00a0\u2013 Uma \u201cmoldeira\u201d \u00e9 utilizada para confec\u00e7\u00e3o\u00a0 de um molde sob medida para o cliente, o molde ent\u00e3o \u00e9 preenchido por um GEL CLAREADOR e aplicado aos dentes. Indicado para tratamento em sua casa, usando-se a moldeira algumas horas por dia.<\/p>\n<p style=\"text-align: justify;\"><strong>A Laser<\/strong>\u00a0\u2013\u00a0 Utilizando equipamentos de ponta o resultado \u00e9 quase imediato, apenas algumas sess\u00f5es e pronto. Indicado para quem busca clareamento r\u00e1pido, pensando em eventos e atividades sociais, como festas e casamentos.<\/p>\n<\/div><div class=\"nav fusion-mobile-tab-nav\"><ul class=\"nav-tabs\"><li><a class=\"tab-link\" data-toggle=\"tab\" id=\"mobile-fusion-tab-facetas\" href=\"#tab-1a484be1abd886dc1b9\"><h4 class=\"fusion-tab-heading\">Facetas<\/h4><\/a><\/li><\/ul><\/div><div class=\"tab-pane fade fusion-clearfix\" id=\"tab-1a484be1abd886dc1b9\">\n<p style=\"text-align: justify;\"><i class=\"fontawesome-icon  fa fa-random circle-yes\" style=\"border-color:#56585a;background-color:#56585a;font-size:35.2px;line-height:70.4px;height:70.4px;width:70.4px;margin-right:20px;color:#ffffff;\"><\/i> <strong>Facetas Laminadas<\/strong>\u00a0\u2013 Confeccionadas atrav\u00e9s de camadas finas de porcelana ou de pl\u00e1stico coladas na face dos dentes. Podendo ser de porcelana ou compostas.<\/p>\n<p style=\"text-align: justify;\"><strong>Facetas laminadas de porcelana<\/strong> \u2013\u00a0 Produzidas em um laborat\u00f3rio dental, s\u00e3o, uma a uma ajustadas aos dentes; s\u00e3o necess\u00e1rias duas visitas ao dentista.<\/p>\n<p style=\"text-align: justify;\"><strong>Facetas laminadas compostas<\/strong> \u2013 Aplica\u00e7\u00e3o de uma resina diretamente a face do dente em uma \u00fanica visita. Normalmente utilizadas na restaura\u00e7\u00e3o de dentes lascados ou quebrados, ou preenchimento de espa\u00e7os e remodelar ou clarear o sorriso.<\/p>\n<\/div><div class=\"nav fusion-mobile-tab-nav\"><ul class=\"nav-tabs\"><li><a class=\"tab-link\" data-toggle=\"tab\" id=\"mobile-fusion-tab-aparelhosortod\u00f4nticos\" href=\"#tab-21ece656b8c12784fe4\"><h4 class=\"fusion-tab-heading\">Aparelhos Ortod\u00f4nticos<\/h4><\/a><\/li><\/ul><\/div><div class=\"tab-pane fade fusion-clearfix\" id=\"tab-21ece656b8c12784fe4\">\n<p style=\"text-align: justify;\"><i class=\"fontawesome-icon  fa fa-random circle-yes\" style=\"border-color:#56585a;background-color:#56585a;font-size:35.2px;line-height:70.4px;height:70.4px;width:70.4px;margin-right:20px;color:#ffffff;\"><\/i> O Aparelho Ortod\u00f4ntico, ou aparelho dent\u00e1rio, \u00e9 um dispositivo utilizado por ortodontistas em seus pacientes para fazer o alinhamento dos dentes quando eles se desenvolvem com uma m\u00e1 forma\u00e7\u00e3o. Serve para corrigir a posi\u00e7\u00e3o dos dentes para fins est\u00e9ticos e funcionais.<\/p>\n<p>\u00a0<\/div><\/div><\/div><div class=\"fusion-clearfix\"><\/div>\n\n\t\t\t\t\t<\/div>\n\t\t\t\t<\/div><div  class=\"fusion-layout-column fusion_builder_column fusion_builder_column_1_2  fusion-one-half fusion-column-first 1_2\"  style='margin-top:0px;margin-bottom:20px;width:48%; margin-right: 4%;'>\n\t\t\t\t\t<div class=\"fusion-column-wrapper\" style=\"background-position:left top;background-repeat:no-repeat;-webkit-background-size:cover;-moz-background-size:cover;-o-background-size:cover;background-size:cover;\"  data-bg-url=\"\">\n\t\t\t\t\t\t<div class=\"fusion-title title fusion-title-size-two\" style=\"margin-top:0px;margin-bottom:31px;\"><h2 class=\"title-heading-left\"><strong>Por que Escolher a Dr. Fantini<br \/>\n<\/strong><\/h2><div class=\"title-sep-container\"><div class=\"title-sep sep-double\" style=\"border-color:#748fc4;\"><\/div><\/div><\/div><ul class=\"fusion-checklist fusion-checklist-1\" style=\"font-size:13px;line-height:22.1px;\"><li class=\"fusion-li-item\"><span style=\"background-color:#748fc4;font-size:11.44px;height:22.1px;width:22.1px;margin-right:9.1px;\" class=\"icon-wrapper circle-yes\"><i class=\"fusion-li-icon  fa fa-check\" style=\"color:#ffffff;\"><\/i><\/span><div class=\"fusion-li-item-content\" style=\"margin-left:31.2px;\"><strong>Profissionais dedicados.<\/strong><\/div><\/li><li class=\"fusion-li-item\"><span style=\"background-color:#748fc4;font-size:11.44px;height:22.1px;width:22.1px;margin-right:9.1px;\" class=\"icon-wrapper circle-yes\"><i class=\"fusion-li-icon  fa fa-check\" style=\"color:#ffffff;\"><\/i><\/span><div class=\"fusion-li-item-content\" style=\"margin-left:31.2px;\"><strong>Equipamentos de ponta.<\/strong><\/div><\/li><li class=\"fusion-li-item\"><span style=\"background-color:#748fc4;font-size:11.44px;height:22.1px;width:22.1px;margin-right:9.1px;\" class=\"icon-wrapper circle-yes\"><i class=\"fusion-li-icon  fa fa-check\" style=\"color:#ffffff;\"><\/i><\/span><div class=\"fusion-li-item-content\" style=\"margin-left:31.2px;\"><strong>T\u00e9cnicas de trabalho modernas.<\/strong><\/div><\/li><li class=\"fusion-li-item\"><span style=\"background-color:#748fc4;font-size:11.44px;height:22.1px;width:22.1px;margin-right:9.1px;\" class=\"icon-wrapper circle-yes\"><i class=\"fusion-li-icon  fa fa-check\" style=\"color:#ffffff;\"><\/i><\/span><div class=\"fusion-li-item-content\" style=\"margin-left:31.2px;\"><strong>Experi\u00eancia de quem j\u00e1 esta na \u00e1rea desde 1998.<\/strong><\/div><\/li><li class=\"fusion-li-item\"><span style=\"background-color:#748fc4;font-size:11.44px;height:22.1px;width:22.1px;margin-right:9.1px;\" class=\"icon-wrapper circle-yes\"><i class=\"fusion-li-icon  fa fa-check\" style=\"color:#ffffff;\"><\/i><\/span><div class=\"fusion-li-item-content\" style=\"margin-left:31.2px;\"><strong>Mais de 3000 pacientes com sorriso perfeito.<\/strong><\/div><\/li><li class=\"fusion-li-item\"><span style=\"background-color:#748fc4;font-size:11.44px;height:22.1px;width:22.1px;margin-right:9.1px;\" class=\"icon-wrapper circle-yes\"><i class=\"fusion-li-icon  fa fa-check\" style=\"color:#ffffff;\"><\/i><\/span><div class=\"fusion-li-item-content\" style=\"margin-left:31.2px;\"><strong>Tratamento 100% personalizado.<\/strong><\/div><\/li><\/ul><div class=\"fusion-clearfix\"><\/div>\n\n\t\t\t\t\t<\/div>\n\t\t\t\t<\/div><div  class=\"fusion-layout-column fusion_builder_column fusion_builder_column_1_2  fusion-one-half fusion-column-last 1_2\"  style='margin-top:0px;margin-bottom:20px;width:48%'>\n\t\t\t\t\t<div class=\"fusion-column-wrapper\" style=\"background-position:left top;background-repeat:no-repeat;-webkit-background-size:cover;-moz-background-size:cover;-o-background-size:cover;background-size:cover;\"  data-bg-url=\"\">\n\t\t\t\t\t\t<div class=\"fusion-title title fusion-title-size-two\" style=\"margin-top:0px;margin-bottom:31px;\"><h2 class=\"title-heading-left\"><strong>O que dizem nossos clientes.<br \/>\n<\/strong><\/h2><div class=\"title-sep-container\"><div class=\"title-sep sep-double\" style=\"border-color:#748fc4;\"><\/div><\/div><\/div><div class=\"fusion-testimonials classic fusion-testimonials-1\" data-random=\"0\"><style type=\"text\/css\" scoped=\"scoped\">#fusion-testimonials-1 a{border-color:#ffffff;}#fusion-testimonials-1 a:hover, #fusion-testimonials-1 .activeSlide{background-color: #ffffff;}.fusion-testimonials.classic.fusion-testimonials-1 .author:after{border-top-color:#6487c2 !important;}<\/style><div class=\"reviews\"><div class=\"review male\"><blockquote><q style=\"background-color:#6487c2;color:#ffffff;\" class=\"fusion-clearfix\">O melhor atendimento que j\u00e1 tive em anos de idas ao dentista. Sem d\u00favidas me senti especial. O tratamento foi \u00f3timo. Obrigado!<\/q><\/blockquote><div class=\"author\" style=\"color:#ffffff;\"><span class=\"testimonial-thumbnail doe\" style=\"color:#ffffff;\"><\/span><span class=\"company-name\"><strong>Andr\u00e9 Lazzaretti<\/strong><\/span><\/div><\/div><div class=\"review male\"><blockquote><q style=\"background-color:#6487c2;color:#ffffff;\" class=\"fusion-clearfix\">Excelentes profissionais, refer\u00eancia nos tratamentos realizados!merecedores de todo sucesso!<\/q><\/blockquote><div class=\"author\" style=\"color:#ffffff;\"><span class=\"testimonial-thumbnail doe\" style=\"color:#ffffff;\"><\/span><span class=\"company-name\"><strong>Roger Carvalho<\/strong>, <a href=\"https:\/\/www.facebook.com\/Oralcamp-Especialidades-Odontol%C3%B3gicas-538661479550935\/reviews\" target=\"_self\"><span>Facebook<\/span><\/a><\/span><\/div><\/div><div class=\"review male\"><blockquote><q style=\"background-color:#6487c2;color:#ffffff;\" class=\"fusion-clearfix\">Profissionais incr\u00edveis&#8230;Dra Paula nota 10.<br \/>\n2 sisos em 10 min e sem dor.<\/q><\/blockquote><div class=\"author\" style=\"color:#ffffff;\"><span class=\"testimonial-thumbnail doe\" style=\"color:#ffffff;\"><\/span><span class=\"company-name\"><strong>Alison Fernandes Moreira<\/strong>, <a href=\"https:\/\/www.facebook.com\/Oralcamp-Especialidades-Odontol%C3%B3gicas-538661479550935\/reviews\" target=\"_self\"><span>Facebook<\/span><\/a><\/span><\/div><\/div><\/div><\/div><div class=\"fusion-clearfix\"><\/div>\n\n\t\t\t\t\t<\/div>\n\t\t\t\t<\/div><\/div><\/div>\n","protected":false},"excerpt":{"rendered":"","protected":false},"author":1,"featured_media":0,"parent":0,"menu_order":0,"comment_status":"closed","ping_status":"closed","template":"","meta":{"_joinchat":[],"footnotes":""},"class_list":["post-64","page","type-page","status-publish","hentry"],"yoast_head":"<!-- This site is optimized with the Yoast SEO plugin v22.7 - https:\/\/yoast.com\/wordpress\/plugins\/seo\/ -->\n<title>Tratamentos - Dr. Fantini<\/title>\n<meta name=\"robots\" content=\"index, follow, max-snippet:-1, max-image-preview:large, max-video-preview:-1\" \/>\n<link rel=\"canonical\" href=\"https:\/\/drfantini.com.br\/index.php\/tratamentos\/\" \/>\n<meta property=\"og:locale\" content=\"pt_BR\" \/>\n<meta property=\"og:type\" content=\"article\" \/>\n<meta property=\"og:title\" content=\"Tratamentos - Dr. Fantini\" \/>\n<meta property=\"og:url\" content=\"https:\/\/drfantini.com.br\/index.php\/tratamentos\/\" \/>\n<meta property=\"og:site_name\" content=\"Dr. Fantini\" \/>\n<meta property=\"article:modified_time\" content=\"2018-05-10T13:46:25+00:00\" \/>\n<meta name=\"twitter:card\" content=\"summary_large_image\" \/>\n<meta name=\"twitter:label1\" content=\"Est. tempo de leitura\" \/>\n\t<meta name=\"twitter:data1\" content=\"8 minutos\" \/>\n<script type=\"application\/ld+json\" class=\"yoast-schema-graph\">{\"@context\":\"https:\/\/schema.org\",\"@graph\":[{\"@type\":\"WebPage\",\"@id\":\"https:\/\/drfantini.com.br\/index.php\/tratamentos\/\",\"url\":\"https:\/\/drfantini.com.br\/index.php\/tratamentos\/\",\"name\":\"Tratamentos - Dr. Fantini\",\"isPartOf\":{\"@id\":\"https:\/\/drfantini.com.br\/#website\"},\"datePublished\":\"2016-08-04T16:22:46+00:00\",\"dateModified\":\"2018-05-10T13:46:25+00:00\",\"breadcrumb\":{\"@id\":\"https:\/\/drfantini.com.br\/index.php\/tratamentos\/#breadcrumb\"},\"inLanguage\":\"pt-BR\",\"potentialAction\":[{\"@type\":\"ReadAction\",\"target\":[\"https:\/\/drfantini.com.br\/index.php\/tratamentos\/\"]}]},{\"@type\":\"BreadcrumbList\",\"@id\":\"https:\/\/drfantini.com.br\/index.php\/tratamentos\/#breadcrumb\",\"itemListElement\":[{\"@type\":\"ListItem\",\"position\":1,\"name\":\"In\u00edcio\",\"item\":\"https:\/\/drfantini.com.br\/\"},{\"@type\":\"ListItem\",\"position\":2,\"name\":\"Tratamentos\"}]},{\"@type\":\"WebSite\",\"@id\":\"https:\/\/drfantini.com.br\/#website\",\"url\":\"https:\/\/drfantini.com.br\/\",\"name\":\"Dr. Fantini\",\"description\":\"Ortodontia e Est\u00e9tica facial!\",\"potentialAction\":[{\"@type\":\"SearchAction\",\"target\":{\"@type\":\"EntryPoint\",\"urlTemplate\":\"https:\/\/drfantini.com.br\/?s={search_term_string}\"},\"query-input\":\"required name=search_term_string\"}],\"inLanguage\":\"pt-BR\"}]}<\/script>\n<!-- \/ Yoast SEO plugin. -->","yoast_head_json":{"title":"Tratamentos - Dr. Fantini","robots":{"index":"index","follow":"follow","max-snippet":"max-snippet:-1","max-image-preview":"max-image-preview:large","max-video-preview":"max-video-preview:-1"},"canonical":"https:\/\/drfantini.com.br\/index.php\/tratamentos\/","og_locale":"pt_BR","og_type":"article","og_title":"Tratamentos - Dr. Fantini","og_url":"https:\/\/drfantini.com.br\/index.php\/tratamentos\/","og_site_name":"Dr. Fantini","article_modified_time":"2018-05-10T13:46:25+00:00","twitter_card":"summary_large_image","twitter_misc":{"Est. tempo de leitura":"8 minutos"},"schema":{"@context":"https:\/\/schema.org","@graph":[{"@type":"WebPage","@id":"https:\/\/drfantini.com.br\/index.php\/tratamentos\/","url":"https:\/\/drfantini.com.br\/index.php\/tratamentos\/","name":"Tratamentos - Dr. Fantini","isPartOf":{"@id":"https:\/\/drfantini.com.br\/#website"},"datePublished":"2016-08-04T16:22:46+00:00","dateModified":"2018-05-10T13:46:25+00:00","breadcrumb":{"@id":"https:\/\/drfantini.com.br\/index.php\/tratamentos\/#breadcrumb"},"inLanguage":"pt-BR","potentialAction":[{"@type":"ReadAction","target":["https:\/\/drfantini.com.br\/index.php\/tratamentos\/"]}]},{"@type":"BreadcrumbList","@id":"https:\/\/drfantini.com.br\/index.php\/tratamentos\/#breadcrumb","itemListElement":[{"@type":"ListItem","position":1,"name":"In\u00edcio","item":"https:\/\/drfantini.com.br\/"},{"@type":"ListItem","position":2,"name":"Tratamentos"}]},{"@type":"WebSite","@id":"https:\/\/drfantini.com.br\/#website","url":"https:\/\/drfantini.com.br\/","name":"Dr. Fantini","description":"Ortodontia e Est\u00e9tica facial!","potentialAction":[{"@type":"SearchAction","target":{"@type":"EntryPoint","urlTemplate":"https:\/\/drfantini.com.br\/?s={search_term_string}"},"query-input":"required name=search_term_string"}],"inLanguage":"pt-BR"}]}},"_links":{"self":[{"href":"https:\/\/drfantini.com.br\/index.php\/wp-json\/wp\/v2\/pages\/64","targetHints":{"allow":["GET"]}}],"collection":[{"href":"https:\/\/drfantini.com.br\/index.php\/wp-json\/wp\/v2\/pages"}],"about":[{"href":"https:\/\/drfantini.com.br\/index.php\/wp-json\/wp\/v2\/types\/page"}],"author":[{"embeddable":true,"href":"https:\/\/drfantini.com.br\/index.php\/wp-json\/wp\/v2\/users\/1"}],"replies":[{"embeddable":true,"href":"https:\/\/drfantini.com.br\/index.php\/wp-json\/wp\/v2\/comments?post=64"}],"version-history":[{"count":0,"href":"https:\/\/drfantini.com.br\/index.php\/wp-json\/wp\/v2\/pages\/64\/revisions"}],"wp:attachment":[{"href":"https:\/\/drfantini.com.br\/index.php\/wp-json\/wp\/v2\/media?parent=64"}],"curies":[{"name":"wp","href":"https:\/\/api.w.org\/{rel}","templated":true}]}}